{"id":39,"date":"2025-06-28T20:39:50","date_gmt":"2025-06-28T20:39:50","guid":{"rendered":"https:\/\/pyro4pyros.at\/index.php\/terms\/"},"modified":"2025-09-03T22:14:36","modified_gmt":"2025-09-03T20:14:36","slug":"terms","status":"publish","type":"page","link":"https:\/\/pyro4pyros.at\/index.php\/terms\/","title":{"rendered":"AGB"},"content":{"rendered":"\n<p>1. Geltungsbereich<\/p>\n\n\n\n<p>1.1 Diese AGB gelten f\u00fcr alle Bestellungen und Lieferungen von Pyrotechnikartikeln, die \u00fcber unseren Online-Shop an Verbraucher und Unternehmer erfolgen.<br>1.2 Verbraucher im Sinne dieser AGB sind Personen, die keine Unternehmer sind. Unternehmer ist, wer das Gesch\u00e4ft zum Betrieb seines Unternehmens z\u00e4hlt.<\/p>\n\n\n\n<p><strong>2. Vertragspartner<\/strong><\/p>\n\n\n\n<p>Der Kaufvertrag kommt zustande mit:<br>Pyro4Pyros e.U,. Bahnhofstra\u00dfe 3, 4501-Neuhofen an der Krems<\/p>\n\n\n\n<p><strong>3. Angebot und Vertragsschluss<\/strong><\/p>\n\n\n\n<p>3.1 Unsere Angebote im Online-Shop sind unverbindlich.<br>3.2 Der Vertrag kommt durch Anklicken des Buttons \u201eKaufen\u201c f\u00fcr die im Warenkorb enthaltenen Waren zustande.<br>3.3 Die Best\u00e4tigung Ihrer Bestellung erfolgt unmittelbar nach dem Absenden der Bestellung per E-Mail.<\/p>\n\n\n\n<p><strong>4. Altersbeschr\u00e4nkung und beh\u00f6rdliche Vorschriften<\/strong><\/p>\n\n\n\n<p>4.1 Pyrotechnikartikel der Kategorien F1 d\u00fcrfen nur an Personen ab 12 Jahren, der Kategorie F2 &nbsp;an Personen ab 16 Jahren, und der Kategorien F3 und F4 sowie P2 d\u00fcrfen nur an berechtigte Personen (Sach- und Fachkenntnisse gem\u00e4\u00df Pyrotechnikgesetz 2010 idgF) abgegeben werden.<br>4.2 Beim Abholen ist ein Altersnachweis vorzulegen. Kategorie-F3\/F4\/P2-Produkte erfordern die Vorlage einer g\u00fcltigen beh\u00f6rdlichen Bewilligung (\u00a730 Pyrotechnikgesetz 2010).<br>4.3 Die Verwendung von pyrotechnischen Artikeln der Kategorie F2 ist in \u00d6sterreich au\u00dferhalb des Ortsgebietes ganzj\u00e4hrig erlaubt, innerhalb des Ortsgebiets nur nach Verordnung des B\u00fcrgermeisters. Die Verwendung von F1 Artikeln ist auch im Ortsgebiet \u2013 unter den Einschr\u00e4nkungen des Pyrotechnikgesetzes 2010 (wie z.B. Verbot der Verwendung bei Tankstellen, Altersheimen, etc.)<br>4.4 Kein Versand \u2013 nur Selbstabholung m\u00f6glich (in 4501-Neuhofen an der Krems, Bahnhofstra\u00dfe 3 sofern nichts anderes vereinbart wurde).<\/p>\n\n\n\n<p><strong>5. Widerrufsrecht und R\u00fccktrittsrecht<\/strong><\/p>\n\n\n\n<p>5.1 Verbraucher haben ein vierzehnt\u00e4giges Widerrufsrecht.<br>5.2 Das Widerrufsrecht besteht nicht bei Waren, die nach Kundenspezifikation angefertigt werden oder bei Sonderaktionen.<br>5.3 Im Falle eines Widerrufs tr\u00e4gt der K\u00e4ufer die unmittelbaren Kosten der R\u00fccksendung. Die Produkte m\u00fcssen unbesch\u00e4digt und vollst\u00e4ndig (d.h. mit angebrachtem Z\u00fcndschutz) retourniert werden.<\/p>\n\n\n\n<p><strong>6. Preise und Zahlung<\/strong><\/p>\n\n\n\n<p>6.1 Alle angegebenen Preise sind Bruttopreise inkl. gesetzlicher Umsatzsteuer.<br>6.2 Die Zahlung erfolgt per Vorkasse oder Barzahlung bei Abholung.<\/p>\n\n\n\n<p><strong>7. Lieferung und Gefahren\u00fcbergang<\/strong><\/p>\n\n\n\n<p>7.1 Pyrotechnikartikel werden nur zur Selbstabholung abgegeben, ein Versand ist ausgeschlossen.<br>7.2 Die Gefahr geht mit \u00dcbergabe der Ware auf den K\u00e4ufer \u00fcber.<\/p>\n\n\n\n<p><strong>8. Eigentumsvorbehalt<\/strong><\/p>\n\n\n\n<p>Die Ware bleibt bis zur vollst\u00e4ndigen Bezahlung Eigentum des Anbieters.<\/p>\n\n\n\n<p><strong>9. Gew\u00e4hrleistung und Haftungsausschluss<\/strong><\/p>\n\n\n\n<p>9.1 Es gelten die gesetzlichen Gew\u00e4hrleistungsbestimmungen.<br>9.2 Eine Haftung f\u00fcr die Aktualit\u00e4t, Korrektheit oder Vollst\u00e4ndigkeit der angebotenen Informationen ist ausgeschlossen, sofern kein vors\u00e4tzliches oder grob fahrl\u00e4ssiges Verschulden vorliegt.<br>9.3 F\u00fcr Sch\u00e4den aus der Verwendung fehlerhafter oder unvollst\u00e4ndiger Informationen wird keine Haftung \u00fcbernommen, sofern kein nachweislich vors\u00e4tzliches oder grob fahrl\u00e4ssiges Verschulden vorliegt. Die Anweisungen zum Abbrennen der Artikel (angegeben auf jedem Artikel) sind zu beachten! Insbesondere ist auf einen sicheren Stand (ebene Fl\u00e4che), ein Sichern vor Umfallen, keine brennbaren Gegenst\u00e4nde in der Umgebung oder in Abschussrichtung zu achten.<\/p>\n\n\n\n<p><strong>10. Datenschutz<\/strong><\/p>\n\n\n\n<p>Es gilt die aktuelle Datenschutzerkl\u00e4rung, abrufbar unter [Link zur Datenschutzerkl\u00e4rung].<\/p>\n\n\n\n<p><strong>11. Verwendung und Besitz von Pyrotechnik<\/strong><\/p>\n\n\n\n<p>11.1 Kunden haben beim Kauf und Gebrauch von Pyrotechnikartikeln s\u00e4mtliche gesetzlichen Vorschriften insbesondere das Pyrotechnikgesetz 2010 einzuhalten.<br>11.2 Die Produkte sind bis zur Verwendung sicher in der Originalverpackung aufzubewahren. Ein \u00d6ffnen ist erst nach Vorlage\/Erhalt des beh\u00f6rdlichen Bescheides gestattet.<\/p>\n\n\n\n<p><strong>12. Gerichtsstand und anwendbares Recht<\/strong><\/p>\n\n\n\n<p>Erf\u00fcllungsort und Gerichtsstand ist, soweit gesetzlich zul\u00e4ssig, der Sitz des Unternehmens. Es gilt \u00f6sterreichisches Recht.<\/p>\n\n\n\n<p><strong>13. Salvatorische Klausel<\/strong><\/p>\n\n\n\n<p>Sollten einzelne Bestimmungen dieser AGB ganz oder teilweise unwirksam sein, bleibt die G\u00fcltigkeit der \u00fcbrigen Bestimmungen unber\u00fchrt.<\/p>\n","protected":false},"excerpt":{"rendered":"<p>1. Geltungsbereich 1.1 Diese AGB gelten f\u00fcr alle Bestellungen und Lieferungen von Pyrotechnikartikeln, die \u00fcber unseren Online-Shop an Verbraucher und [&hellip;]<\/p>\n","protected":false},"author":1,"featured_media":0,"parent":0,"menu_order":8,"comment_status":"closed","ping_status":"closed","template":"","meta":{"site-sidebar-layout":"default","site-content-layout":"","ast-site-content-layout":"default","site-content-style":"default","site-sidebar-style":"default","ast-global-header-display":"","ast-banner-title-visibility":"","ast-main-header-display":"","ast-hfb-above-header-display":"","ast-hfb-below-header-display":"","ast-hfb-mobile-header-display":"","site-post-title":"","ast-breadcrumbs-content":"","ast-featured-img":"","footer-sml-layout":"","ast-disable-related-posts":"","theme-transparent-header-meta":"","adv-header-id-meta":"","stick-header-meta":"","header-above-stick-meta":"","header-main-stick-meta":"","header-below-stick-meta":"","astra-migrate-meta-layouts":"default","ast-page-background-enabled":"default","ast-page-background-meta":{"desktop":{"background-color":"var(--ast-global-color-5)","background-image":"","background-repeat":"repeat","background-position":"center center","background-size":"auto","background-attachment":"scroll","background-type":"","background-media":"","overlay-type":"","overlay-color":"","overlay-opacity":"","overlay-gradient":""},"tablet":{"background-color":"","background-image":"","background-repeat":"repeat","background-position":"center center","background-size":"auto","background-attachment":"scroll","background-type":"","background-media":"","overlay-type":"","overlay-color":"","overlay-opacity":"","overlay-gradient":""},"mobile":{"background-color":"","background-image":"","background-repeat":"repeat","background-position":"center center","background-size":"auto","background-attachment":"scroll","background-type":"","background-media":"","overlay-type":"","overlay-color":"","overlay-opacity":"","overlay-gradient":""}},"ast-content-background-meta":{"desktop":{"background-color":"var(--ast-global-color-4)","background-image":"","background-repeat":"repeat","background-position":"center center","background-size":"auto","background-attachment":"scroll","background-type":"","background-media":"","overlay-type":"","overlay-color":"","overlay-opacity":"","overlay-gradient":""},"tablet":{"background-color":"var(--ast-global-color-4)","background-image":"","background-repeat":"repeat","background-position":"center center","background-size":"auto","background-attachment":"scroll","background-type":"","background-media":"","overlay-type":"","overlay-color":"","overlay-opacity":"","overlay-gradient":""},"mobile":{"background-color":"var(--ast-global-color-4)","background-image":"","background-repeat":"repeat","background-position":"center center","background-size":"auto","background-attachment":"scroll","background-type":"","background-media":"","overlay-type":"","overlay-color":"","overlay-opacity":"","overlay-gradient":""}},"footnotes":""},"class_list":["post-39","page","type-page","status-publish","hentry"],"_links":{"self":[{"href":"https:\/\/pyro4pyros.at\/index.php\/wp-json\/wp\/v2\/pages\/39","targetHints":{"allow":["GET"]}}],"collection":[{"href":"https:\/\/pyro4pyros.at\/index.php\/wp-json\/wp\/v2\/pages"}],"about":[{"href":"https:\/\/pyro4pyros.at\/index.php\/wp-json\/wp\/v2\/types\/page"}],"author":[{"embeddable":true,"href":"https:\/\/pyro4pyros.at\/index.php\/wp-json\/wp\/v2\/users\/1"}],"replies":[{"embeddable":true,"href":"https:\/\/pyro4pyros.at\/index.php\/wp-json\/wp\/v2\/comments?post=39"}],"version-history":[{"count":3,"href":"https:\/\/pyro4pyros.at\/index.php\/wp-json\/wp\/v2\/pages\/39\/revisions"}],"predecessor-version":[{"id":226,"href":"https:\/\/pyro4pyros.at\/index.php\/wp-json\/wp\/v2\/pages\/39\/revisions\/226"}],"wp:attachment":[{"href":"https:\/\/pyro4pyros.at\/index.php\/wp-json\/wp\/v2\/media?parent=39"}],"curies":[{"name":"wp","href":"https:\/\/api.w.org\/{rel}","templated":true}]}}